{"id":2,"date":"2017-09-21T12:05:22","date_gmt":"2017-09-21T12:05:22","guid":{"rendered":"http:\/\/clinicaayf.com\/enfamilia\/?page_id=2"},"modified":"2024-07-09T12:30:30","modified_gmt":"2024-07-09T12:30:30","slug":"patrulla-dental","status":"publish","type":"page","link":"https:\/\/clinicaayf.com\/enfamilia\/patrulla-dental","title":{"rendered":"Club Juvenil Patrulla Dental"},"content":{"rendered":"\t\t<div data-elementor-type=\"wp-page\" data-elementor-id=\"2\" class=\"elementor elementor-2\">\n\t\t\t\t<div class=\"elementor-element elementor-element-7a3b5b04 e-flex e-con-boxed e-con e-parent\" data-id=\"7a3b5b04\" data-element_type=\"container\">\n\t\t\t\t\t<div class=\"e-con-inner\">\n\t\t\t\t<div class=\"elementor-element elementor-element-9e44cab elementor-widget elementor-widget-text-editor\" data-id=\"9e44cab\" data-element_type=\"widget\" data-widget_type=\"text-editor.default\">\n\t\t\t\t\t\t\t\t\t<h1 style=\"text-align: center;\"><strong>Club Dental juvenil para que seas un experto en salud dental<\/strong><img fetchpriority=\"high\" decoding=\"async\" class=\"aligncenter wp-image-11 size-large\" src=\"https:\/\/clinicaayf.com\/enfamilia\/wp-content\/uploads\/2017\/09\/cropped-banner-wp-1024x614.jpg\" alt=\"patrulla dental\" width=\"525\" height=\"315\" srcset=\"https:\/\/clinicaayf.com\/enfamilia\/wp-content\/uploads\/2017\/09\/cropped-banner-wp-1024x614.jpg 1024w, https:\/\/clinicaayf.com\/enfamilia\/wp-content\/uploads\/2017\/09\/cropped-banner-wp-300x180.jpg 300w, https:\/\/clinicaayf.com\/enfamilia\/wp-content\/uploads\/2017\/09\/cropped-banner-wp-768x461.jpg 768w, https:\/\/clinicaayf.com\/enfamilia\/wp-content\/uploads\/2017\/09\/cropped-banner-wp.jpg 2000w\" sizes=\"(max-width: 525px) 100vw, 525px\" \/><\/h1><p>Bienvenidos a Abeledo y FIlpo en Familia, y su club para peques &#8220;Patrulla Dental&#8221;, un club dental para ni\u00f1os en el que podr\u00e1s aprender muchas cosas sobre la salud dental para que puedas tener una dentadura extraordinaria y adem\u00e1s ayudar tambi\u00e9n a tu familia y amigos a tenerla. Conocer\u00e1s a los enemigos m\u00e1s peligrosos de tus dientes y te daremos las herramientas para combatirlo.<\/p><h4><strong>Pero eso no es todo, tendr\u00e1s acceso a descuentos, premios y prioridad a la hora de recibir cita.<\/strong><\/h4><h5>\u00bfTienes ya tu n\u00famero de patrullero?<\/h5><p>Si todav\u00eda no lo tienes, solo tienes que llamarnos al <strong>982 816 930\u00a0<\/strong> y visitarnos en\u00a0<strong>Calle San Roque 38\/40 (Lugo)\u00a0 o rellenar el siguiente formulario:<br \/><\/strong><\/p>\t\t\t\t\t\t\t\t<\/div>\n\t\t\t\t\t<\/div>\n\t\t\t\t<\/div>\n\t\t<div class=\"elementor-element elementor-element-5b916f1 e-flex e-con-boxed e-con e-parent\" data-id=\"5b916f1\" data-element_type=\"container\">\n\t\t\t\t\t<div class=\"e-con-inner\">\n\t\t<div class=\"elementor-element elementor-element-7605816 e-con-full e-flex e-con e-child\" data-id=\"7605816\" data-element_type=\"container\">\n\t\t\t\t<\/div>\n\t\t\t\t\t<\/div>\n\t\t\t\t<\/div>\n\t\t<div class=\"elementor-element elementor-element-80f2ac5 e-flex e-con-boxed e-con e-parent\" data-id=\"80f2ac5\" data-element_type=\"container\">\n\t\t\t\t\t<div class=\"e-con-inner\">\n\t\t\t\t\t<\/div>\n\t\t\t\t<\/div>\n\t\t\t\t<\/div>\n\t\t","protected":false},"excerpt":{"rendered":"<p>Club Dental juvenil para que seas un experto en salud dental Bienvenidos a Abeledo y FIlpo en Familia, y su club para peques &#8220;Patrulla Dental&#8221;, un club dental para ni\u00f1os en el que podr\u00e1s aprender muchas cosas sobre la salud dental para que puedas tener una dentadura extraordinaria y adem\u00e1s ayudar tambi\u00e9n a tu familia &hellip; <\/p>\n<p class=\"link-more\"><a href=\"https:\/\/clinicaayf.com\/enfamilia\/patrulla-dental\" class=\"more-link\">Continuar leyendo<span class=\"screen-reader-text\"> &#8220;Club Juvenil Patrulla Dental&#8221;<\/span><\/a><\/p>\n","protected":false},"author":1,"featured_media":0,"parent":0,"menu_order":0,"comment_status":"closed","ping_status":"open","template":"elementor_header_footer","meta":{"footnotes":""},"class_list":["post-2","page","type-page","status-publish","hentry"],"yoast_head":"<!-- This site is optimized with the Yoast SEO plugin v26.2 - https:\/\/yoast.com\/wordpress\/plugins\/seo\/ -->\n<title>Club Juvenil Patrulla Dental - Abeledo y Filpo en familia<\/title>\n<meta name=\"robots\" content=\"index, follow, max-snippet:-1, max-image-preview:large, max-video-preview:-1\" \/>\n<link rel=\"canonical\" href=\"https:\/\/clinicaayf.com\/enfamilia\/patrulla-dental\" \/>\n<meta property=\"og:locale\" content=\"es_ES\" \/>\n<meta property=\"og:type\" content=\"article\" \/>\n<meta property=\"og:title\" content=\"Club Juvenil Patrulla Dental - Abeledo y Filpo en familia\" \/>\n<meta property=\"og:description\" content=\"Club Dental juvenil para que seas un experto en salud dental Bienvenidos a Abeledo y FIlpo en Familia, y su club para peques &#8220;Patrulla Dental&#8221;, un club dental para ni\u00f1os en el que podr\u00e1s aprender muchas cosas sobre la salud dental para que puedas tener una dentadura extraordinaria y adem\u00e1s ayudar tambi\u00e9n a tu familia &hellip; Continuar leyendo &quot;Club Juvenil Patrulla Dental&quot;\" \/>\n<meta property=\"og:url\" content=\"https:\/\/clinicaayf.com\/enfamilia\/patrulla-dental\" \/>\n<meta property=\"og:site_name\" content=\"Abeledo y Filpo en familia\" \/>\n<meta property=\"article:publisher\" content=\"https:\/\/www.facebook.com\/clinica.dental.abeledoyfilpo\/\" \/>\n<meta property=\"article:modified_time\" content=\"2024-07-09T12:30:30+00:00\" \/>\n<meta property=\"og:image\" content=\"https:\/\/clinicaayf.com\/enfamilia\/wp-content\/uploads\/2017\/09\/cropped-banner-wp-1024x614.jpg\" \/>\n<meta name=\"twitter:card\" content=\"summary_large_image\" \/>\n<meta name=\"twitter:label1\" content=\"Tiempo de lectura\" \/>\n\t<meta name=\"twitter:data1\" content=\"3 minutos\" \/>\n<script type=\"application\/ld+json\" class=\"yoast-schema-graph\">{\"@context\":\"https:\/\/schema.org\",\"@graph\":[{\"@type\":\"WebPage\",\"@id\":\"https:\/\/clinicaayf.com\/enfamilia\/patrulla-dental\",\"url\":\"https:\/\/clinicaayf.com\/enfamilia\/patrulla-dental\",\"name\":\"Club Juvenil Patrulla Dental - Abeledo y Filpo en familia\",\"isPartOf\":{\"@id\":\"https:\/\/clinicaayf.com\/enfamilia\/#website\"},\"primaryImageOfPage\":{\"@id\":\"https:\/\/clinicaayf.com\/enfamilia\/patrulla-dental#primaryimage\"},\"image\":{\"@id\":\"https:\/\/clinicaayf.com\/enfamilia\/patrulla-dental#primaryimage\"},\"thumbnailUrl\":\"https:\/\/clinicaayf.com\/enfamilia\/wp-content\/uploads\/2017\/09\/cropped-banner-wp-1024x614.jpg\",\"datePublished\":\"2017-09-21T12:05:22+00:00\",\"dateModified\":\"2024-07-09T12:30:30+00:00\",\"breadcrumb\":{\"@id\":\"https:\/\/clinicaayf.com\/enfamilia\/patrulla-dental#breadcrumb\"},\"inLanguage\":\"es\",\"potentialAction\":[{\"@type\":\"ReadAction\",\"target\":[\"https:\/\/clinicaayf.com\/enfamilia\/patrulla-dental\"]}]},{\"@type\":\"ImageObject\",\"inLanguage\":\"es\",\"@id\":\"https:\/\/clinicaayf.com\/enfamilia\/patrulla-dental#primaryimage\",\"url\":\"https:\/\/clinicaayf.com\/enfamilia\/wp-content\/uploads\/2017\/09\/cropped-banner-wp.jpg\",\"contentUrl\":\"https:\/\/clinicaayf.com\/enfamilia\/wp-content\/uploads\/2017\/09\/cropped-banner-wp.jpg\",\"width\":2000,\"height\":1200,\"caption\":\"patrulla dental\"},{\"@type\":\"BreadcrumbList\",\"@id\":\"https:\/\/clinicaayf.com\/enfamilia\/patrulla-dental#breadcrumb\",\"itemListElement\":[{\"@type\":\"ListItem\",\"position\":1,\"name\":\"Portada\",\"item\":\"https:\/\/clinicaayf.com\/enfamilia\/\"},{\"@type\":\"ListItem\",\"position\":2,\"name\":\"Club Juvenil Patrulla Dental\"}]},{\"@type\":\"WebSite\",\"@id\":\"https:\/\/clinicaayf.com\/enfamilia\/#website\",\"url\":\"https:\/\/clinicaayf.com\/enfamilia\/\",\"name\":\"Abeledo y Filpo Cl\u00ednica Dental\",\"description\":\"Consejos e informaci\u00f3n dental. Suscr\u00edbete para mantener tu salud dental al d\u00eda.\",\"publisher\":{\"@id\":\"https:\/\/clinicaayf.com\/enfamilia\/#organization\"},\"potentialAction\":[{\"@type\":\"SearchAction\",\"target\":{\"@type\":\"EntryPoint\",\"urlTemplate\":\"https:\/\/clinicaayf.com\/enfamilia\/?s={search_term_string}\"},\"query-input\":{\"@type\":\"PropertyValueSpecification\",\"valueRequired\":true,\"valueName\":\"search_term_string\"}}],\"inLanguage\":\"es\"},{\"@type\":\"Organization\",\"@id\":\"https:\/\/clinicaayf.com\/enfamilia\/#organization\",\"name\":\"Cl\u00ednica Odontol\u00f3gica Abeledo y FIlpo\",\"url\":\"https:\/\/clinicaayf.com\/enfamilia\/\",\"logo\":{\"@type\":\"ImageObject\",\"inLanguage\":\"es\",\"@id\":\"https:\/\/clinicaayf.com\/enfamilia\/#\/schema\/logo\/image\/\",\"url\":\"http:\/\/clinicaayf.com\/enfamilia\/wp-content\/uploads\/2018\/03\/19105598_142201426343254_64350248848668328_n.png\",\"contentUrl\":\"http:\/\/clinicaayf.com\/enfamilia\/wp-content\/uploads\/2018\/03\/19105598_142201426343254_64350248848668328_n.png\",\"width\":339,\"height\":339,\"caption\":\"Cl\u00ednica Odontol\u00f3gica Abeledo y FIlpo\"},\"image\":{\"@id\":\"https:\/\/clinicaayf.com\/enfamilia\/#\/schema\/logo\/image\/\"},\"sameAs\":[\"https:\/\/www.facebook.com\/clinica.dental.abeledoyfilpo\/\"]}]}<\/script>\n<!-- \/ Yoast SEO plugin. -->","yoast_head_json":{"title":"Club Juvenil Patrulla Dental - Abeledo y Filpo en familia","robots":{"index":"index","follow":"follow","max-snippet":"max-snippet:-1","max-image-preview":"max-image-preview:large","max-video-preview":"max-video-preview:-1"},"canonical":"https:\/\/clinicaayf.com\/enfamilia\/patrulla-dental","og_locale":"es_ES","og_type":"article","og_title":"Club Juvenil Patrulla Dental - Abeledo y Filpo en familia","og_description":"Club Dental juvenil para que seas un experto en salud dental Bienvenidos a Abeledo y FIlpo en Familia, y su club para peques &#8220;Patrulla Dental&#8221;, un club dental para ni\u00f1os en el que podr\u00e1s aprender muchas cosas sobre la salud dental para que puedas tener una dentadura extraordinaria y adem\u00e1s ayudar tambi\u00e9n a tu familia &hellip; Continuar leyendo \"Club Juvenil Patrulla Dental\"","og_url":"https:\/\/clinicaayf.com\/enfamilia\/patrulla-dental","og_site_name":"Abeledo y Filpo en familia","article_publisher":"https:\/\/www.facebook.com\/clinica.dental.abeledoyfilpo\/","article_modified_time":"2024-07-09T12:30:30+00:00","og_image":[{"url":"https:\/\/clinicaayf.com\/enfamilia\/wp-content\/uploads\/2017\/09\/cropped-banner-wp-1024x614.jpg","type":"","width":"","height":""}],"twitter_card":"summary_large_image","twitter_misc":{"Tiempo de lectura":"3 minutos"},"schema":{"@context":"https:\/\/schema.org","@graph":[{"@type":"WebPage","@id":"https:\/\/clinicaayf.com\/enfamilia\/patrulla-dental","url":"https:\/\/clinicaayf.com\/enfamilia\/patrulla-dental","name":"Club Juvenil Patrulla Dental - Abeledo y Filpo en familia","isPartOf":{"@id":"https:\/\/clinicaayf.com\/enfamilia\/#website"},"primaryImageOfPage":{"@id":"https:\/\/clinicaayf.com\/enfamilia\/patrulla-dental#primaryimage"},"image":{"@id":"https:\/\/clinicaayf.com\/enfamilia\/patrulla-dental#primaryimage"},"thumbnailUrl":"https:\/\/clinicaayf.com\/enfamilia\/wp-content\/uploads\/2017\/09\/cropped-banner-wp-1024x614.jpg","datePublished":"2017-09-21T12:05:22+00:00","dateModified":"2024-07-09T12:30:30+00:00","breadcrumb":{"@id":"https:\/\/clinicaayf.com\/enfamilia\/patrulla-dental#breadcrumb"},"inLanguage":"es","potentialAction":[{"@type":"ReadAction","target":["https:\/\/clinicaayf.com\/enfamilia\/patrulla-dental"]}]},{"@type":"ImageObject","inLanguage":"es","@id":"https:\/\/clinicaayf.com\/enfamilia\/patrulla-dental#primaryimage","url":"https:\/\/clinicaayf.com\/enfamilia\/wp-content\/uploads\/2017\/09\/cropped-banner-wp.jpg","contentUrl":"https:\/\/clinicaayf.com\/enfamilia\/wp-content\/uploads\/2017\/09\/cropped-banner-wp.jpg","width":2000,"height":1200,"caption":"patrulla dental"},{"@type":"BreadcrumbList","@id":"https:\/\/clinicaayf.com\/enfamilia\/patrulla-dental#breadcrumb","itemListElement":[{"@type":"ListItem","position":1,"name":"Portada","item":"https:\/\/clinicaayf.com\/enfamilia\/"},{"@type":"ListItem","position":2,"name":"Club Juvenil Patrulla Dental"}]},{"@type":"WebSite","@id":"https:\/\/clinicaayf.com\/enfamilia\/#website","url":"https:\/\/clinicaayf.com\/enfamilia\/","name":"Abeledo y Filpo Cl\u00ednica Dental","description":"Consejos e informaci\u00f3n dental. Suscr\u00edbete para mantener tu salud dental al d\u00eda.","publisher":{"@id":"https:\/\/clinicaayf.com\/enfamilia\/#organization"},"potentialAction":[{"@type":"SearchAction","target":{"@type":"EntryPoint","urlTemplate":"https:\/\/clinicaayf.com\/enfamilia\/?s={search_term_string}"},"query-input":{"@type":"PropertyValueSpecification","valueRequired":true,"valueName":"search_term_string"}}],"inLanguage":"es"},{"@type":"Organization","@id":"https:\/\/clinicaayf.com\/enfamilia\/#organization","name":"Cl\u00ednica Odontol\u00f3gica Abeledo y FIlpo","url":"https:\/\/clinicaayf.com\/enfamilia\/","logo":{"@type":"ImageObject","inLanguage":"es","@id":"https:\/\/clinicaayf.com\/enfamilia\/#\/schema\/logo\/image\/","url":"http:\/\/clinicaayf.com\/enfamilia\/wp-content\/uploads\/2018\/03\/19105598_142201426343254_64350248848668328_n.png","contentUrl":"http:\/\/clinicaayf.com\/enfamilia\/wp-content\/uploads\/2018\/03\/19105598_142201426343254_64350248848668328_n.png","width":339,"height":339,"caption":"Cl\u00ednica Odontol\u00f3gica Abeledo y FIlpo"},"image":{"@id":"https:\/\/clinicaayf.com\/enfamilia\/#\/schema\/logo\/image\/"},"sameAs":["https:\/\/www.facebook.com\/clinica.dental.abeledoyfilpo\/"]}]}},"post_mailing_queue_ids":[],"_links":{"self":[{"href":"https:\/\/clinicaayf.com\/enfamilia\/wp-json\/wp\/v2\/pages\/2","targetHints":{"allow":["GET"]}}],"collection":[{"href":"https:\/\/clinicaayf.com\/enfamilia\/wp-json\/wp\/v2\/pages"}],"about":[{"href":"https:\/\/clinicaayf.com\/enfamilia\/wp-json\/wp\/v2\/types\/page"}],"author":[{"embeddable":true,"href":"https:\/\/clinicaayf.com\/enfamilia\/wp-json\/wp\/v2\/users\/1"}],"replies":[{"embeddable":true,"href":"https:\/\/clinicaayf.com\/enfamilia\/wp-json\/wp\/v2\/comments?post=2"}],"version-history":[{"count":25,"href":"https:\/\/clinicaayf.com\/enfamilia\/wp-json\/wp\/v2\/pages\/2\/revisions"}],"predecessor-version":[{"id":727,"href":"https:\/\/clinicaayf.com\/enfamilia\/wp-json\/wp\/v2\/pages\/2\/revisions\/727"}],"wp:attachment":[{"href":"https:\/\/clinicaayf.com\/enfamilia\/wp-json\/wp\/v2\/media?parent=2"}],"curies":[{"name":"wp","href":"https:\/\/api.w.org\/{rel}","templated":true}]}}