{"id":215,"date":"2018-05-22T06:32:06","date_gmt":"2018-05-22T06:32:06","guid":{"rendered":"http:\/\/clinicaayf.com\/enfamilia\/solicitud-de-acceso-a-datos"},"modified":"2018-05-22T06:35:03","modified_gmt":"2018-05-22T06:35:03","slug":"solicitud-de-acceso-a-datos","status":"publish","type":"page","link":"https:\/\/clinicaayf.com\/enfamilia\/solicitud-de-acceso-a-datos","title":{"rendered":"Solicitud de acceso a datos"},"content":{"rendered":"<div class=\"wpgdprc\">\n<form class=\"wpgdprc-form wpgdprc-form--access-request\" name=\"wpgdprc_form\" method=\"POST\">\n\t<ul class=\"wpgdprc-form__fields\">\n\t\t\n<li class=\"wpgdprc-form__field\">\n\t<label for=\"wpgdprc-form__email\" class=\"screen-reader-text\">Tu direcci\u00f3n de correo electr\u00f3nico<\/label>\n\t<input type=\"email\" class=\"wpgdprc-form__input wpgdprc-form__input--email\" name=\"wpgdprc_email\" id=\"wpgdprc-form__email\" placeholder=\"Tu direcci\u00f3n de correo electr\u00f3nico\" required \/>\n<\/li>\n\t\t\n<li class=\"wpgdprc-form__field wpgdprc-form__field--checkbox\">\n\t<input class=\"wpgdprc-form__input wpgdprc-form__input--checkbox\" type=\"checkbox\" name=\"wpgdprc_consent\" id=\"wpgdprc-form__consent\" value=\"1\" required \/>\n\t<label class=\"wpgdprc-form__label\" for=\"wpgdprc-form__consent\">Al usar este formulario accedes al almacenamiento y gesti\u00f3n de tus datos por parte de esta web.<\/label>\n<\/li>\n\t<\/ul>\n\t<div class=\"wpgdprc-form__footer\">\n\t\t\n<p class=\"wpgdprc-form__submit\">\n\t<input type=\"submit\" class=\"wpgdprc-form__input wpgdprc-form__input--submit\" name=\"wpgdprc_submit\" value=\"Enviar\" \/>\n<\/p>\n\t<\/div>\n\t<div class=\"wpgdprc-message\" style=\"display:none;\"><\/div>\n<\/form>\n<\/div>\n","protected":false},"excerpt":{"rendered":"","protected":false},"author":1,"featured_media":0,"parent":0,"menu_order":0,"comment_status":"closed","ping_status":"closed","template":"","meta":{"footnotes":""},"class_list":["post-215","page","type-page","status-publish","hentry"],"yoast_head":"<!-- This site is optimized with the Yoast SEO plugin v26.2 - https:\/\/yoast.com\/wordpress\/plugins\/seo\/ -->\n<title>Solicitud de acceso a datos - Abeledo y Filpo en familia<\/title>\n<meta name=\"robots\" content=\"index, follow, max-snippet:-1, max-image-preview:large, max-video-preview:-1\" \/>\n<link rel=\"canonical\" href=\"https:\/\/clinicaayf.com\/enfamilia\/solicitud-de-acceso-a-datos\" \/>\n<meta property=\"og:locale\" content=\"es_ES\" \/>\n<meta property=\"og:type\" content=\"article\" \/>\n<meta property=\"og:title\" content=\"Solicitud de acceso a datos - Abeledo y Filpo en familia\" \/>\n<meta property=\"og:url\" content=\"https:\/\/clinicaayf.com\/enfamilia\/solicitud-de-acceso-a-datos\" \/>\n<meta property=\"og:site_name\" content=\"Abeledo y Filpo en familia\" \/>\n<meta property=\"article:publisher\" content=\"https:\/\/www.facebook.com\/clinica.dental.abeledoyfilpo\/\" \/>\n<meta property=\"article:modified_time\" content=\"2018-05-22T06:35:03+00:00\" \/>\n<meta name=\"twitter:card\" content=\"summary_large_image\" \/>\n<script type=\"application\/ld+json\" class=\"yoast-schema-graph\">{\"@context\":\"https:\/\/schema.org\",\"@graph\":[{\"@type\":\"WebPage\",\"@id\":\"https:\/\/clinicaayf.com\/enfamilia\/solicitud-de-acceso-a-datos\",\"url\":\"https:\/\/clinicaayf.com\/enfamilia\/solicitud-de-acceso-a-datos\",\"name\":\"Solicitud de acceso a datos - Abeledo y Filpo en familia\",\"isPartOf\":{\"@id\":\"https:\/\/clinicaayf.com\/enfamilia\/#website\"},\"datePublished\":\"2018-05-22T06:32:06+00:00\",\"dateModified\":\"2018-05-22T06:35:03+00:00\",\"breadcrumb\":{\"@id\":\"https:\/\/clinicaayf.com\/enfamilia\/solicitud-de-acceso-a-datos#breadcrumb\"},\"inLanguage\":\"es\",\"potentialAction\":[{\"@type\":\"ReadAction\",\"target\":[\"https:\/\/clinicaayf.com\/enfamilia\/solicitud-de-acceso-a-datos\"]}]},{\"@type\":\"BreadcrumbList\",\"@id\":\"https:\/\/clinicaayf.com\/enfamilia\/solicitud-de-acceso-a-datos#breadcrumb\",\"itemListElement\":[{\"@type\":\"ListItem\",\"position\":1,\"name\":\"Portada\",\"item\":\"https:\/\/clinicaayf.com\/enfamilia\/\"},{\"@type\":\"ListItem\",\"position\":2,\"name\":\"Solicitud de acceso a datos\"}]},{\"@type\":\"WebSite\",\"@id\":\"https:\/\/clinicaayf.com\/enfamilia\/#website\",\"url\":\"https:\/\/clinicaayf.com\/enfamilia\/\",\"name\":\"Abeledo y Filpo Cl\u00ednica Dental\",\"description\":\"Consejos e informaci\u00f3n dental. Suscr\u00edbete para mantener tu salud dental al d\u00eda.\",\"publisher\":{\"@id\":\"https:\/\/clinicaayf.com\/enfamilia\/#organization\"},\"potentialAction\":[{\"@type\":\"SearchAction\",\"target\":{\"@type\":\"EntryPoint\",\"urlTemplate\":\"https:\/\/clinicaayf.com\/enfamilia\/?s={search_term_string}\"},\"query-input\":{\"@type\":\"PropertyValueSpecification\",\"valueRequired\":true,\"valueName\":\"search_term_string\"}}],\"inLanguage\":\"es\"},{\"@type\":\"Organization\",\"@id\":\"https:\/\/clinicaayf.com\/enfamilia\/#organization\",\"name\":\"Cl\u00ednica Odontol\u00f3gica Abeledo y FIlpo\",\"url\":\"https:\/\/clinicaayf.com\/enfamilia\/\",\"logo\":{\"@type\":\"ImageObject\",\"inLanguage\":\"es\",\"@id\":\"https:\/\/clinicaayf.com\/enfamilia\/#\/schema\/logo\/image\/\",\"url\":\"http:\/\/clinicaayf.com\/enfamilia\/wp-content\/uploads\/2018\/03\/19105598_142201426343254_64350248848668328_n.png\",\"contentUrl\":\"http:\/\/clinicaayf.com\/enfamilia\/wp-content\/uploads\/2018\/03\/19105598_142201426343254_64350248848668328_n.png\",\"width\":339,\"height\":339,\"caption\":\"Cl\u00ednica Odontol\u00f3gica Abeledo y FIlpo\"},\"image\":{\"@id\":\"https:\/\/clinicaayf.com\/enfamilia\/#\/schema\/logo\/image\/\"},\"sameAs\":[\"https:\/\/www.facebook.com\/clinica.dental.abeledoyfilpo\/\"]}]}<\/script>\n<!-- \/ Yoast SEO plugin. -->","yoast_head_json":{"title":"Solicitud de acceso a datos - Abeledo y Filpo en familia","robots":{"index":"index","follow":"follow","max-snippet":"max-snippet:-1","max-image-preview":"max-image-preview:large","max-video-preview":"max-video-preview:-1"},"canonical":"https:\/\/clinicaayf.com\/enfamilia\/solicitud-de-acceso-a-datos","og_locale":"es_ES","og_type":"article","og_title":"Solicitud de acceso a datos - Abeledo y Filpo en familia","og_url":"https:\/\/clinicaayf.com\/enfamilia\/solicitud-de-acceso-a-datos","og_site_name":"Abeledo y Filpo en familia","article_publisher":"https:\/\/www.facebook.com\/clinica.dental.abeledoyfilpo\/","article_modified_time":"2018-05-22T06:35:03+00:00","twitter_card":"summary_large_image","schema":{"@context":"https:\/\/schema.org","@graph":[{"@type":"WebPage","@id":"https:\/\/clinicaayf.com\/enfamilia\/solicitud-de-acceso-a-datos","url":"https:\/\/clinicaayf.com\/enfamilia\/solicitud-de-acceso-a-datos","name":"Solicitud de acceso a datos - Abeledo y Filpo en familia","isPartOf":{"@id":"https:\/\/clinicaayf.com\/enfamilia\/#website"},"datePublished":"2018-05-22T06:32:06+00:00","dateModified":"2018-05-22T06:35:03+00:00","breadcrumb":{"@id":"https:\/\/clinicaayf.com\/enfamilia\/solicitud-de-acceso-a-datos#breadcrumb"},"inLanguage":"es","potentialAction":[{"@type":"ReadAction","target":["https:\/\/clinicaayf.com\/enfamilia\/solicitud-de-acceso-a-datos"]}]},{"@type":"BreadcrumbList","@id":"https:\/\/clinicaayf.com\/enfamilia\/solicitud-de-acceso-a-datos#breadcrumb","itemListElement":[{"@type":"ListItem","position":1,"name":"Portada","item":"https:\/\/clinicaayf.com\/enfamilia\/"},{"@type":"ListItem","position":2,"name":"Solicitud de acceso a datos"}]},{"@type":"WebSite","@id":"https:\/\/clinicaayf.com\/enfamilia\/#website","url":"https:\/\/clinicaayf.com\/enfamilia\/","name":"Abeledo y Filpo Cl\u00ednica Dental","description":"Consejos e informaci\u00f3n dental. Suscr\u00edbete para mantener tu salud dental al d\u00eda.","publisher":{"@id":"https:\/\/clinicaayf.com\/enfamilia\/#organization"},"potentialAction":[{"@type":"SearchAction","target":{"@type":"EntryPoint","urlTemplate":"https:\/\/clinicaayf.com\/enfamilia\/?s={search_term_string}"},"query-input":{"@type":"PropertyValueSpecification","valueRequired":true,"valueName":"search_term_string"}}],"inLanguage":"es"},{"@type":"Organization","@id":"https:\/\/clinicaayf.com\/enfamilia\/#organization","name":"Cl\u00ednica Odontol\u00f3gica Abeledo y FIlpo","url":"https:\/\/clinicaayf.com\/enfamilia\/","logo":{"@type":"ImageObject","inLanguage":"es","@id":"https:\/\/clinicaayf.com\/enfamilia\/#\/schema\/logo\/image\/","url":"http:\/\/clinicaayf.com\/enfamilia\/wp-content\/uploads\/2018\/03\/19105598_142201426343254_64350248848668328_n.png","contentUrl":"http:\/\/clinicaayf.com\/enfamilia\/wp-content\/uploads\/2018\/03\/19105598_142201426343254_64350248848668328_n.png","width":339,"height":339,"caption":"Cl\u00ednica Odontol\u00f3gica Abeledo y FIlpo"},"image":{"@id":"https:\/\/clinicaayf.com\/enfamilia\/#\/schema\/logo\/image\/"},"sameAs":["https:\/\/www.facebook.com\/clinica.dental.abeledoyfilpo\/"]}]}},"post_mailing_queue_ids":[],"_links":{"self":[{"href":"https:\/\/clinicaayf.com\/enfamilia\/wp-json\/wp\/v2\/pages\/215","targetHints":{"allow":["GET"]}}],"collection":[{"href":"https:\/\/clinicaayf.com\/enfamilia\/wp-json\/wp\/v2\/pages"}],"about":[{"href":"https:\/\/clinicaayf.com\/enfamilia\/wp-json\/wp\/v2\/types\/page"}],"author":[{"embeddable":true,"href":"https:\/\/clinicaayf.com\/enfamilia\/wp-json\/wp\/v2\/users\/1"}],"replies":[{"embeddable":true,"href":"https:\/\/clinicaayf.com\/enfamilia\/wp-json\/wp\/v2\/comments?post=215"}],"version-history":[{"count":1,"href":"https:\/\/clinicaayf.com\/enfamilia\/wp-json\/wp\/v2\/pages\/215\/revisions"}],"predecessor-version":[{"id":217,"href":"https:\/\/clinicaayf.com\/enfamilia\/wp-json\/wp\/v2\/pages\/215\/revisions\/217"}],"wp:attachment":[{"href":"https:\/\/clinicaayf.com\/enfamilia\/wp-json\/wp\/v2\/media?parent=215"}],"curies":[{"name":"wp","href":"https:\/\/api.w.org\/{rel}","templated":true}]}}