{"id":22,"date":"2017-09-21T15:42:19","date_gmt":"2017-09-21T15:42:19","guid":{"rendered":"http:\/\/clinicaayf.com\/enfamilia\/login\/"},"modified":"2017-09-21T15:42:19","modified_gmt":"2017-09-21T15:42:19","slug":"login","status":"publish","type":"page","link":"https:\/\/clinicaayf.com\/enfamilia\/login","title":{"rendered":"Acceder"},"content":{"rendered":"<div class=\"tml tml-login\">\n<div class=\"tml-alerts\"><\/div><form name=\"login\" action=\"https:\/\/clinicaayf.com\/enfamilia\/login\" method=\"post\">\n<div class=\"tml-field-wrap tml-log-wrap\">\n<label class=\"tml-label\" for=\"user_login\">Nombre de usuario o correo electr\u00f3nico<\/label>\n<input name=\"log\" type=\"text\" value=\"\" id=\"user_login\" autocapitalize=\"off\" class=\"tml-field\">\n<\/div>\n\n<div class=\"tml-field-wrap tml-pwd-wrap\">\n<label class=\"tml-label\" for=\"user_pass\">Contrase\u00f1a<\/label>\n<input name=\"pwd\" type=\"password\" value=\"\" id=\"user_pass\" class=\"tml-field\">\n<\/div>\n\n<input type=\"hidden\" name=\"g-recaptcha-response\" class=\"agr-recaptcha-response\" value=\"\" \/><script>\r\n                function wpcaptcha_captcha(){\r\n                    grecaptcha.execute(\"6LepzggqAAAAADug1b3UsaF_ty-ntSszRCXVNtYA\", {action: \"submit\"}).then(function(token) {\r\n                        var captchas = document.querySelectorAll(\".agr-recaptcha-response\");\r\n                        captchas.forEach(function(captcha) {\r\n                            captcha.value = token;\r\n                        });\r\n                    });\r\n                }\r\n                <\/script>\n<div class=\"tml-field-wrap tml-rememberme-wrap\">\n<input name=\"rememberme\" type=\"checkbox\" value=\"forever\" id=\"rememberme\" class=\"tml-checkbox\">\n<label class=\"tml-label\" for=\"rememberme\">Recu\u00e9rdame<\/label>\n<\/div>\n\n<div class=\"tml-field-wrap tml-submit-wrap\">\n<button name=\"submit\" type=\"submit\" class=\"tml-button\">Acceder<\/button>\n<\/div>\n\n<input name=\"redirect_to\" type=\"hidden\" value=\"https:\/\/clinicaayf.com\/enfamilia\/wp-admin\/\">\n\n<\/form>\n<ul class=\"tml-links\"><li class=\"tml-register-link\"><a href=\"https:\/\/clinicaayf.com\/enfamilia\/register\">Registro<\/a><\/li><li class=\"tml-lostpassword-link\"><a href=\"https:\/\/clinicaayf.com\/enfamilia\/lostpassword\">\u00bfHas olvidado tu contrase\u00f1a?<\/a><\/li><\/ul><\/div>\n\n","protected":false},"excerpt":{"rendered":"","protected":false},"author":1,"featured_media":0,"parent":0,"menu_order":0,"comment_status":"closed","ping_status":"closed","template":"","meta":{"footnotes":""},"class_list":["post-22","page","type-page","status-publish","hentry"],"yoast_head":"<!-- This site is optimized with the Yoast SEO plugin v26.2 - https:\/\/yoast.com\/wordpress\/plugins\/seo\/ -->\n<title>Acceder - Abeledo y Filpo en familia<\/title>\n<meta name=\"robots\" content=\"index, follow, max-snippet:-1, max-image-preview:large, max-video-preview:-1\" \/>\n<link rel=\"canonical\" href=\"https:\/\/clinicaayf.com\/enfamilia\/login\" \/>\n<meta property=\"og:locale\" content=\"es_ES\" \/>\n<meta property=\"og:type\" content=\"article\" \/>\n<meta property=\"og:title\" content=\"Acceder - Abeledo y Filpo en familia\" \/>\n<meta property=\"og:url\" content=\"https:\/\/clinicaayf.com\/enfamilia\/login\" \/>\n<meta property=\"og:site_name\" content=\"Abeledo y Filpo en familia\" \/>\n<meta property=\"article:publisher\" content=\"https:\/\/www.facebook.com\/clinica.dental.abeledoyfilpo\/\" \/>\n<meta name=\"twitter:card\" content=\"summary_large_image\" \/>\n<script type=\"application\/ld+json\" class=\"yoast-schema-graph\">{\"@context\":\"https:\/\/schema.org\",\"@graph\":[{\"@type\":\"WebPage\",\"@id\":\"https:\/\/clinicaayf.com\/enfamilia\/login\",\"url\":\"https:\/\/clinicaayf.com\/enfamilia\/login\",\"name\":\"Acceder - Abeledo y Filpo en familia\",\"isPartOf\":{\"@id\":\"https:\/\/clinicaayf.com\/enfamilia\/#website\"},\"datePublished\":\"2017-09-21T15:42:19+00:00\",\"breadcrumb\":{\"@id\":\"https:\/\/clinicaayf.com\/enfamilia\/login#breadcrumb\"},\"inLanguage\":\"es\",\"potentialAction\":[{\"@type\":\"ReadAction\",\"target\":[\"https:\/\/clinicaayf.com\/enfamilia\/login\"]}]},{\"@type\":\"BreadcrumbList\",\"@id\":\"https:\/\/clinicaayf.com\/enfamilia\/login#breadcrumb\",\"itemListElement\":[{\"@type\":\"ListItem\",\"position\":1,\"name\":\"Portada\",\"item\":\"https:\/\/clinicaayf.com\/enfamilia\/\"},{\"@type\":\"ListItem\",\"position\":2,\"name\":\"Acceder\"}]},{\"@type\":\"WebSite\",\"@id\":\"https:\/\/clinicaayf.com\/enfamilia\/#website\",\"url\":\"https:\/\/clinicaayf.com\/enfamilia\/\",\"name\":\"Abeledo y Filpo Cl\u00ednica Dental\",\"description\":\"Consejos e informaci\u00f3n dental. Suscr\u00edbete para mantener tu salud dental al d\u00eda.\",\"publisher\":{\"@id\":\"https:\/\/clinicaayf.com\/enfamilia\/#organization\"},\"potentialAction\":[{\"@type\":\"SearchAction\",\"target\":{\"@type\":\"EntryPoint\",\"urlTemplate\":\"https:\/\/clinicaayf.com\/enfamilia\/?s={search_term_string}\"},\"query-input\":{\"@type\":\"PropertyValueSpecification\",\"valueRequired\":true,\"valueName\":\"search_term_string\"}}],\"inLanguage\":\"es\"},{\"@type\":\"Organization\",\"@id\":\"https:\/\/clinicaayf.com\/enfamilia\/#organization\",\"name\":\"Cl\u00ednica Odontol\u00f3gica Abeledo y FIlpo\",\"url\":\"https:\/\/clinicaayf.com\/enfamilia\/\",\"logo\":{\"@type\":\"ImageObject\",\"inLanguage\":\"es\",\"@id\":\"https:\/\/clinicaayf.com\/enfamilia\/#\/schema\/logo\/image\/\",\"url\":\"http:\/\/clinicaayf.com\/enfamilia\/wp-content\/uploads\/2018\/03\/19105598_142201426343254_64350248848668328_n.png\",\"contentUrl\":\"http:\/\/clinicaayf.com\/enfamilia\/wp-content\/uploads\/2018\/03\/19105598_142201426343254_64350248848668328_n.png\",\"width\":339,\"height\":339,\"caption\":\"Cl\u00ednica Odontol\u00f3gica Abeledo y FIlpo\"},\"image\":{\"@id\":\"https:\/\/clinicaayf.com\/enfamilia\/#\/schema\/logo\/image\/\"},\"sameAs\":[\"https:\/\/www.facebook.com\/clinica.dental.abeledoyfilpo\/\"]}]}<\/script>\n<!-- \/ Yoast SEO plugin. -->","yoast_head_json":{"title":"Acceder - Abeledo y Filpo en familia","robots":{"index":"index","follow":"follow","max-snippet":"max-snippet:-1","max-image-preview":"max-image-preview:large","max-video-preview":"max-video-preview:-1"},"canonical":"https:\/\/clinicaayf.com\/enfamilia\/login","og_locale":"es_ES","og_type":"article","og_title":"Acceder - Abeledo y Filpo en familia","og_url":"https:\/\/clinicaayf.com\/enfamilia\/login","og_site_name":"Abeledo y Filpo en familia","article_publisher":"https:\/\/www.facebook.com\/clinica.dental.abeledoyfilpo\/","twitter_card":"summary_large_image","schema":{"@context":"https:\/\/schema.org","@graph":[{"@type":"WebPage","@id":"https:\/\/clinicaayf.com\/enfamilia\/login","url":"https:\/\/clinicaayf.com\/enfamilia\/login","name":"Acceder - Abeledo y Filpo en familia","isPartOf":{"@id":"https:\/\/clinicaayf.com\/enfamilia\/#website"},"datePublished":"2017-09-21T15:42:19+00:00","breadcrumb":{"@id":"https:\/\/clinicaayf.com\/enfamilia\/login#breadcrumb"},"inLanguage":"es","potentialAction":[{"@type":"ReadAction","target":["https:\/\/clinicaayf.com\/enfamilia\/login"]}]},{"@type":"BreadcrumbList","@id":"https:\/\/clinicaayf.com\/enfamilia\/login#breadcrumb","itemListElement":[{"@type":"ListItem","position":1,"name":"Portada","item":"https:\/\/clinicaayf.com\/enfamilia\/"},{"@type":"ListItem","position":2,"name":"Acceder"}]},{"@type":"WebSite","@id":"https:\/\/clinicaayf.com\/enfamilia\/#website","url":"https:\/\/clinicaayf.com\/enfamilia\/","name":"Abeledo y Filpo Cl\u00ednica Dental","description":"Consejos e informaci\u00f3n dental. Suscr\u00edbete para mantener tu salud dental al d\u00eda.","publisher":{"@id":"https:\/\/clinicaayf.com\/enfamilia\/#organization"},"potentialAction":[{"@type":"SearchAction","target":{"@type":"EntryPoint","urlTemplate":"https:\/\/clinicaayf.com\/enfamilia\/?s={search_term_string}"},"query-input":{"@type":"PropertyValueSpecification","valueRequired":true,"valueName":"search_term_string"}}],"inLanguage":"es"},{"@type":"Organization","@id":"https:\/\/clinicaayf.com\/enfamilia\/#organization","name":"Cl\u00ednica Odontol\u00f3gica Abeledo y FIlpo","url":"https:\/\/clinicaayf.com\/enfamilia\/","logo":{"@type":"ImageObject","inLanguage":"es","@id":"https:\/\/clinicaayf.com\/enfamilia\/#\/schema\/logo\/image\/","url":"http:\/\/clinicaayf.com\/enfamilia\/wp-content\/uploads\/2018\/03\/19105598_142201426343254_64350248848668328_n.png","contentUrl":"http:\/\/clinicaayf.com\/enfamilia\/wp-content\/uploads\/2018\/03\/19105598_142201426343254_64350248848668328_n.png","width":339,"height":339,"caption":"Cl\u00ednica Odontol\u00f3gica Abeledo y FIlpo"},"image":{"@id":"https:\/\/clinicaayf.com\/enfamilia\/#\/schema\/logo\/image\/"},"sameAs":["https:\/\/www.facebook.com\/clinica.dental.abeledoyfilpo\/"]}]}},"post_mailing_queue_ids":[],"_links":{"self":[{"href":"https:\/\/clinicaayf.com\/enfamilia\/wp-json\/wp\/v2\/pages\/22","targetHints":{"allow":["GET"]}}],"collection":[{"href":"https:\/\/clinicaayf.com\/enfamilia\/wp-json\/wp\/v2\/pages"}],"about":[{"href":"https:\/\/clinicaayf.com\/enfamilia\/wp-json\/wp\/v2\/types\/page"}],"author":[{"embeddable":true,"href":"https:\/\/clinicaayf.com\/enfamilia\/wp-json\/wp\/v2\/users\/1"}],"replies":[{"embeddable":true,"href":"https:\/\/clinicaayf.com\/enfamilia\/wp-json\/wp\/v2\/comments?post=22"}],"version-history":[{"count":0,"href":"https:\/\/clinicaayf.com\/enfamilia\/wp-json\/wp\/v2\/pages\/22\/revisions"}],"wp:attachment":[{"href":"https:\/\/clinicaayf.com\/enfamilia\/wp-json\/wp\/v2\/media?parent=22"}],"curies":[{"name":"wp","href":"https:\/\/api.w.org\/{rel}","templated":true}]}}